{"id":75471,"date":"2021-03-10T13:16:35","date_gmt":"2021-03-10T12:16:35","guid":{"rendered":"http:\/\/leneperien.com\/website\/?page_id=75471"},"modified":"2021-05-24T11:08:28","modified_gmt":"2021-05-24T10:08:28","slug":"presentation","status":"publish","type":"page","link":"https:\/\/leneperien.com\/index.php\/presentation\/","title":{"rendered":"Pr\u00e9sentation"},"content":{"rendered":"<p>[vc_row][vc_column][vc_column_text]<\/p>\n<p class=\"p1\" style=\"text-align: justify; font-size: 15px;\"><span style=\"color: #000000;\"><strong>F<\/strong><\/span>ond\u00e9e en 2020, Le N\u00e9p\u00e9rien, est une entreprise de B\u00e2timent et de Travaux Publics, g\u00e9nie civil ainsi que t\u00e9l\u00e9communication.<\/p>\n<p class=\"p1\" style=\"text-align: justify; font-size: 15px;\"><span style=\"color: #000000;\"><strong>E<\/strong><\/span>nrichie d\u2019une exp\u00e9rience de plus de 30 ans , continue \u00e0\u00a0 se d\u00e9velopper en faisant de la qualit\u00e9 et de la s\u00e9curit\u00e9, les centres de ses pr\u00e9occupations. Gr\u00e2ce \u00e0\u00a0 un personnel qualifi\u00e9s et une mise \u00e0\u00a0 niveau de ses \u00e9quipements.<\/p>\n<p class=\"p1\" style=\"text-align: justify; font-size: 15px;\"><span style=\"color: #000000;\"><strong>L<\/strong><\/span>e N\u00e9p\u00e9rien r\u00e9alise la construction d\u2019\u00e9difices, d\u2019am\u00e9nagements int\u00e9rieurs, d\u2019entretien, de r\u00e9am\u00e9nagement ou de d\u00e9molition. Ces r\u00e9alisations comprennent des logements collectifs, des locaux commerciaux et industriels, des centres de loisirs (piscines, salles omnisports, th\u00e9\u00e2tres, \u2026), des lieux publics (\u00e9coles, h\u00f4pitaux, mosqu\u00e9es, \u2026).<\/p>\n<p><span style=\"font-size: 15px;\"><span style=\"color: #000000;\"><strong>L<\/strong><\/span>e N\u00e9p\u00e9rien p\u00e8re \u00e9galement dans le secteur de la t\u00e9l\u00e9communication, avec la construction de pyl\u00f4nes et d\u2019autres travaux divers.<\/span>[\/vc_column_text][\/vc_column][\/vc_row]<\/p>\n","protected":false},"excerpt":{"rendered":"<p>[vc_row][vc_column][vc_column_text] Fond\u00e9e en 2020, Le N\u00e9p\u00e9rien, est une entreprise de B\u00e2timent et de Travaux Publics, g\u00e9nie civil ainsi que t\u00e9l\u00e9communication. Enrichie d\u2019une exp\u00e9rience de plus de 30 ans , continue \u00e0\u00a0 se d\u00e9velopper en faisant de la qualit\u00e9 et de la s\u00e9curit\u00e9, les centres de ses pr\u00e9occupations. Gr\u00e2ce \u00e0\u00a0 un personnel qualifi\u00e9s et une mise [&hellip;]<\/p>\n","protected":false},"author":1,"featured_media":0,"parent":0,"menu_order":0,"comment_status":"closed","ping_status":"closed","template":"","meta":[],"_links":{"self":[{"href":"https:\/\/leneperien.com\/index.php\/wp-json\/wp\/v2\/pages\/75471"}],"collection":[{"href":"https:\/\/leneperien.com\/index.php\/wp-json\/wp\/v2\/pages"}],"about":[{"href":"https:\/\/leneperien.com\/index.php\/wp-json\/wp\/v2\/types\/page"}],"author":[{"embeddable":true,"href":"https:\/\/leneperien.com\/index.php\/wp-json\/wp\/v2\/users\/1"}],"replies":[{"embeddable":true,"href":"https:\/\/leneperien.com\/index.php\/wp-json\/wp\/v2\/comments?post=75471"}],"version-history":[{"count":22,"href":"https:\/\/leneperien.com\/index.php\/wp-json\/wp\/v2\/pages\/75471\/revisions"}],"predecessor-version":[{"id":75747,"href":"https:\/\/leneperien.com\/index.php\/wp-json\/wp\/v2\/pages\/75471\/revisions\/75747"}],"wp:attachment":[{"href":"https:\/\/leneperien.com\/index.php\/wp-json\/wp\/v2\/media?parent=75471"}],"curies":[{"name":"wp","href":"https:\/\/api.w.org\/{rel}","templated":true}]}}