{"id":75517,"date":"2021-03-11T11:56:53","date_gmt":"2021-03-11T10:56:53","guid":{"rendered":"http:\/\/leneperien.com\/website\/?page_id=75517"},"modified":"2021-05-24T11:08:50","modified_gmt":"2021-05-24T10:08:50","slug":"mot-du-president","status":"publish","type":"page","link":"https:\/\/leneperien.com\/index.php\/mot-du-president\/","title":{"rendered":"Mot du pr\u00e9sident"},"content":{"rendered":"<p>[vc_row][vc_column][vc_column_text]<\/p>\n<p style=\"text-align: justify; font-size: 15px;\"><span style=\"color: #000000;\"><strong>L<\/strong><\/span>a cr\u00e9ation de la soci\u00e9t\u00e9 LE NEPERIEN est le r\u00e9sultat d\u2019un retour d\u2019une longue exp\u00e9rience dans les divers domaines du g\u00e9nie civil tels que la construction de b\u00e2timent, de routes , d\u2019autoroute , voies ferr\u00e9s , ouvrages d\u2019arts sp\u00e9ciaux et ordinaires, am\u00e9nagement urbain et Hydro agricole.<\/p>\n<p style=\"text-align: justify; font-size: 15px;\"><span style=\"color: #000000;\"><strong> C<\/strong><\/span>ette richesse en mati\u00e8re de savoir faire qui combine tous les techniques et technologies modernes r\u00e9pondant aux exigences de la s\u00e9curit\u00e9s de la qualit\u00e9 et du respect de l\u2019environnement nous a permit de former des \u00e9quipes compos\u00e9es de femmes et hommes dynamiques et hautement qualifi\u00e9es qui en continue sont \u00e0 l\u2019\u00e9coute pour la satisfaction du client.<\/p>\n<p style=\"text-align: justify; font-size: 15px;\"><span style=\"color: #000000;\"><strong>A<\/strong><\/span>ujourd\u2019hui le point fort de la soci\u00e9t\u00e9 LE NEPERIEN est d\u00e9termin\u00e9 par son caract\u00e8re d\u2019anticipation aux probl\u00e9matiques qui ne manqueront pas de se pr\u00e9senter. Celles, notamment, qui concernent les futurs enjeux \u00e9conomiques, sociaux, environnementaux et \u00e9thiques. G\u00e9rer une entreprise d\u2019aujourd\u2019hui et de demain, c\u2019est \u00eatre capable de ma\u00eetriser les fondamentaux du management : Marketing, Finance, Comptabilit\u00e9 et Ressources Humaines d\u2019une part et d\u2019autre part , savoir faire preuve d\u2019une grande agilit\u00e9 pour accompagner le d\u00e9veloppement de l\u2019entreprise selon un calendrier organisationnel bien \u00e9tudi\u00e9 .<\/p>\n<p style=\"text-align: justify; font-size: 15px;\"><span style=\"color: #000000;\"><strong>A<\/strong><\/span>ujourd\u2019hui, l\u2019influence devient une qualit\u00e9 primordiale pour un dirigeant.<\/p>\n<p style=\"text-align: justify; font-size: 15px;\"><span style=\"color: #000000;\">C<\/span>\u2019est la capacit\u00e9 spontan\u00e9e \u00e0 inspirer et \u00e0 embarquer les gens, \u00e0 les mettre en mouvement.<\/p>\n<p>[\/vc_column_text][\/vc_column][\/vc_row]<\/p>\n","protected":false},"excerpt":{"rendered":"<p>[vc_row][vc_column][vc_column_text] La cr\u00e9ation de la soci\u00e9t\u00e9 LE NEPERIEN est le r\u00e9sultat d\u2019un retour d\u2019une longue exp\u00e9rience dans les divers domaines du g\u00e9nie civil tels que la construction de b\u00e2timent, de routes , d\u2019autoroute , voies ferr\u00e9s , ouvrages d\u2019arts sp\u00e9ciaux et ordinaires, am\u00e9nagement urbain et Hydro agricole. Cette richesse en mati\u00e8re de savoir faire qui [&hellip;]<\/p>\n","protected":false},"author":1,"featured_media":0,"parent":0,"menu_order":0,"comment_status":"closed","ping_status":"closed","template":"","meta":[],"_links":{"self":[{"href":"https:\/\/leneperien.com\/index.php\/wp-json\/wp\/v2\/pages\/75517"}],"collection":[{"href":"https:\/\/leneperien.com\/index.php\/wp-json\/wp\/v2\/pages"}],"about":[{"href":"https:\/\/leneperien.com\/index.php\/wp-json\/wp\/v2\/types\/page"}],"author":[{"embeddable":true,"href":"https:\/\/leneperien.com\/index.php\/wp-json\/wp\/v2\/users\/1"}],"replies":[{"embeddable":true,"href":"https:\/\/leneperien.com\/index.php\/wp-json\/wp\/v2\/comments?post=75517"}],"version-history":[{"count":7,"href":"https:\/\/leneperien.com\/index.php\/wp-json\/wp\/v2\/pages\/75517\/revisions"}],"predecessor-version":[{"id":75748,"href":"https:\/\/leneperien.com\/index.php\/wp-json\/wp\/v2\/pages\/75517\/revisions\/75748"}],"wp:attachment":[{"href":"https:\/\/leneperien.com\/index.php\/wp-json\/wp\/v2\/media?parent=75517"}],"curies":[{"name":"wp","href":"https:\/\/api.w.org\/{rel}","templated":true}]}}