{"id":75522,"date":"2021-03-11T12:08:55","date_gmt":"2021-03-11T11:08:55","guid":{"rendered":"http:\/\/leneperien.com\/website\/?page_id=75522"},"modified":"2021-05-24T11:09:41","modified_gmt":"2021-05-24T10:09:41","slug":"vision-strategique","status":"publish","type":"page","link":"https:\/\/leneperien.com\/index.php\/vision-strategique\/","title":{"rendered":"Vision strat\u00e9gique"},"content":{"rendered":"<p>[vc_row][vc_column][vc_column_text]<\/p>\n<p class=\"p1\" style=\"text-align: justify; font-size: 15px;\"><span class=\"s1\"><b>Perspectives 2021<\/b><\/span><\/p>\n<p class=\"p1\" style=\"text-align: justify; font-size: 15px;\"><span class=\"s1\"><span style=\"color: #c20f1d;\"><strong>Le<\/strong> <strong>N\u00e9p\u00e9rien<\/strong><\/span> entend poursuivre sa dynamique de croissance et conforter son leadership en s\u2019appuyant sur ses axes strat\u00e9giques majeurs: l\u2019innovation, le d\u00e9veloppement durable, la qualit\u00e9 technique et architecturale des b\u00e2timents et la satisfaction de ses clients.\u00a0<\/span><\/p>\n<p>[\/vc_column_text][\/vc_column][\/vc_row]<\/p>\n","protected":false},"excerpt":{"rendered":"<p>[vc_row][vc_column][vc_column_text] Perspectives 2021 Le N\u00e9p\u00e9rien entend poursuivre sa dynamique de croissance et conforter son leadership en s\u2019appuyant sur ses axes strat\u00e9giques majeurs: l\u2019innovation, le d\u00e9veloppement durable, la qualit\u00e9 technique et architecturale des b\u00e2timents et la satisfaction de ses clients.\u00a0 [\/vc_column_text][\/vc_column][\/vc_row]<\/p>\n","protected":false},"author":1,"featured_media":0,"parent":0,"menu_order":0,"comment_status":"closed","ping_status":"closed","template":"","meta":[],"_links":{"self":[{"href":"https:\/\/leneperien.com\/index.php\/wp-json\/wp\/v2\/pages\/75522"}],"collection":[{"href":"https:\/\/leneperien.com\/index.php\/wp-json\/wp\/v2\/pages"}],"about":[{"href":"https:\/\/leneperien.com\/index.php\/wp-json\/wp\/v2\/types\/page"}],"author":[{"embeddable":true,"href":"https:\/\/leneperien.com\/index.php\/wp-json\/wp\/v2\/users\/1"}],"replies":[{"embeddable":true,"href":"https:\/\/leneperien.com\/index.php\/wp-json\/wp\/v2\/comments?post=75522"}],"version-history":[{"count":6,"href":"https:\/\/leneperien.com\/index.php\/wp-json\/wp\/v2\/pages\/75522\/revisions"}],"predecessor-version":[{"id":75749,"href":"https:\/\/leneperien.com\/index.php\/wp-json\/wp\/v2\/pages\/75522\/revisions\/75749"}],"wp:attachment":[{"href":"https:\/\/leneperien.com\/index.php\/wp-json\/wp\/v2\/media?parent=75522"}],"curies":[{"name":"wp","href":"https:\/\/api.w.org\/{rel}","templated":true}]}}